{"id":9719,"date":"2025-09-17T06:08:54","date_gmt":"2025-09-17T04:08:54","guid":{"rendered":"https:\/\/www.datasure.net\/?post_type=product&#038;p=9719"},"modified":"2025-11-23T18:03:14","modified_gmt":"2025-11-23T17:03:14","slug":"certificat-one-time-cachet-electronique-qualifie-pour-1-document","status":"publish","type":"product","link":"https:\/\/www.datasure.net\/es\/produit\/certificat-one-time-cachet-electronique-qualifie-pour-1-document\/","title":{"rendered":"Cachet EPREL : Certificat \u00e9lectronique qualifi\u00e9 (QSealC) pour l&rsquo;inscription fournisseur EPREL"},"content":{"rendered":"<h3><span style=\"color: #000080;\"><strong>L&rsquo;offre Certificat est-elle valable pour l&rsquo;EPREL ?<\/strong><\/span><\/h3>\n<p>Oui, cette offre est tout particuli\u00e8rement valide pour votre inscription ou modification EPREL (\u00e9tiquettes \u00e9nerg\u00e9tiques des fournisseurs). Il s&rsquo;agit d&rsquo;un cachet qualifi\u00e9 eIDAS (QSealC) sp\u00e9cifique pour l&rsquo;inscription EPREL comme fournisseur. <a href=\"https:\/\/energy-efficient-products.ec.europa.eu\/suppliers_en#list-of-trust-service-providers-qtsp\" target=\"_blank\" rel=\"noopener\">Datasure est un prestataire agr\u00e9\u00e9 et pr\u00e9sent dans la liste officielle de fournisseur de cachet EPREL<\/a>). Elle vous permet de signer le document d&rsquo;inscription PDF comme fournisseur EPREL (\u00e0 r\u00e9cup\u00e9rer sur la plateforme EPREL).<br \/>\n<img decoding=\"async\" class=\"alignnone wp-image-9720\" src=\"https:\/\/www.datasure.net\/wp-content\/uploads\/2025\/09\/eprellogo.png\" alt=\"\" width=\"342\" height=\"42\" srcset=\"https:\/\/www.datasure.net\/wp-content\/uploads\/2025\/09\/eprellogo.png 545w, https:\/\/www.datasure.net\/wp-content\/uploads\/2025\/09\/eprellogo-300x37.png 300w\" sizes=\"(max-width: 342px) 100vw, 342px\" \/> <img decoding=\"async\" class=\"alignnone wp-image-9721\" src=\"https:\/\/www.datasure.net\/wp-content\/uploads\/2025\/09\/Eprel-Seal-DatasureSupplier.png\" alt=\"\" width=\"188\" height=\"87\" srcset=\"https:\/\/www.datasure.net\/wp-content\/uploads\/2025\/09\/Eprel-Seal-DatasureSupplier.png 863w, https:\/\/www.datasure.net\/wp-content\/uploads\/2025\/09\/Eprel-Seal-DatasureSupplier-300x139.png 300w, https:\/\/www.datasure.net\/wp-content\/uploads\/2025\/09\/Eprel-Seal-DatasureSupplier-768x355.png 768w\" sizes=\"(max-width: 188px) 100vw, 188px\" \/><\/p>\n<h3><span style=\"color: #000080;\"><strong>Quels titres d&rsquo;identit\u00e9 et quels pays sont accept\u00e9s ?<\/strong><\/span><\/h3>\n<p>Les cartes d&rsquo;identit\u00e9, les passeports et les titres de s\u00e9jour en cours de validit\u00e9 sont accept\u00e9s par le syst\u00e8me pour de nombreux pays. Merci de v\u00e9rifier obligatoirement que votre titre est accept\u00e9 avant de commander le service : <strong><a title=\"\" href=\"https:\/\/www.datasure.net\/wp-content\/uploads\/2025\/09\/ListeTitresPVID.pdf\" target=\"_blank\" rel=\"noopener\">Voir ici la liste compl\u00e8te des titres accept\u00e9s par le service<\/a><\/strong><\/p>\n<p>Pour la soci\u00e9t\u00e9, tout les justificatifs officiels r\u00e9cents sont accept\u00e9s (c&rsquo;est \u00e0 dire provenant d&rsquo;un registre officiel de votre pays, par exemple le Registre du commerce et des soci\u00e9t\u00e9s).<\/p>\n<h3><span style=\"color: #000080;\"><strong>Comment se passe la proc\u00e9dure et combien de temps cela dure ?<\/strong><\/span><\/h3>\n<p><img fetchpriority=\"high\" decoding=\"async\" class=\"wp-image-8688 alignleft\" src=\"https:\/\/www.datasure.net\/wp-content\/uploads\/2025\/07\/LogoService-eSignOneTime-1.png\" alt=\"\" width=\"226\" height=\"226\" srcset=\"https:\/\/www.datasure.net\/wp-content\/uploads\/2025\/07\/LogoService-eSignOneTime-1.png 1024w, https:\/\/www.datasure.net\/wp-content\/uploads\/2025\/07\/LogoService-eSignOneTime-1-300x300.png 300w, https:\/\/www.datasure.net\/wp-content\/uploads\/2025\/07\/LogoService-eSignOneTime-1-150x150.png 150w, https:\/\/www.datasure.net\/wp-content\/uploads\/2025\/07\/LogoService-eSignOneTime-1-768x768.png 768w, https:\/\/www.datasure.net\/wp-content\/uploads\/2025\/07\/LogoService-eSignOneTime-1-1000x1000.png 1000w, https:\/\/www.datasure.net\/wp-content\/uploads\/2025\/07\/LogoService-eSignOneTime-1-100x100.png 100w\" sizes=\"(max-width: 226px) 100vw, 226px\" \/>Chaque parcours d&rsquo;identification dure en moyenne 5 minutes, disponible 24h\/24.<\/p>\n<p>Vous devrez montrer le recto et verso de votre titre d&rsquo;identit\u00e9, puis votre visage en direct au moment du parcours en ligne.<\/p>\n<p>La revue manuelle par un op\u00e9rateur et la v\u00e9rification de votre entreprise est r\u00e9alis\u00e9e durant les heures ouvr\u00e9es (9h-12h30\/13h30-17h00 du lundi au vendredi).<\/p>\n<p>Une fois votre identit\u00e9 et entreprise valid\u00e9es, vous recevrez votre document pdf sign\u00e9 avec le cachet qualifi\u00e9 eIDAS qui aura \u00e9t\u00e9 \u00e9mis.<\/p>\n<h3><span style=\"color: #000080;\"><strong>Signer mon document EPREL 100% en ligne ?<\/strong><\/span><\/h3>\n<p>Pour valider votre inscription EPREL comme fournisseur et obtenir les \u00e9tiquettes \u00e9nergies, il suffit de signer le document PDF avec la pr\u00e9sente offre 100% en ligne (le document PDF est g\u00e9n\u00e9r\u00e9 sur le site EPREL lors de l&rsquo;inscription de votre soci\u00e9t\u00e9). Une fois votre identit\u00e9 v\u00e9rifi\u00e9 par Datasure, nous vous communiquons le document sign\u00e9. La signature est ensuite <strong>automatiquement valid\u00e9<\/strong> par le site EPREL quand vous d\u00e9posez le document sign\u00e9, car Datasure est un fournisseur officiel.<br \/>\nEn cas d&rsquo;erreur du document EPREL tansmis initialement, notre support client pourra vous aider \u00e0 resigner le nouveau document. Nous vous assistons ainsi dans votre inscription aupr\u00e8s de l&rsquo;EPREL, notamment en v\u00e9rifiant le contenu de votre document PDF au regard du num\u00e9ro \u00ab\u00a0Organization Identifier\u00a0\u00bb \u00e0 fournir (que nous vous communiquerons en cas de mauvaise saisie initiale de votre part).<\/p>\n<h3><span style=\"color: #000080;\"><strong>Quel mat\u00e9riel informatique et\/ou t\u00e9l\u00e9phone portable ai-je besoin ?<\/strong><\/span><\/h3>\n<p><strong>Pr\u00e9requis<\/strong> : Un t\u00e9l\u00e9phone portable avec une cam\u00e9ra suffisante (Min 1080 p x 1920p), une luminosit\u00e9 suffisante (ne pas se mettre \u00e0 contre-jour), un titre d&rsquo;identit\u00e9 valide et accept\u00e9 par le service pour chaque personne devant \u00eatre identifi\u00e9e (<a title=\"\" href=\"https:\/\/www.datasure.net\/wp-content\/uploads\/2025\/09\/ListeTitresPVID.pdf\" target=\"_blank\" rel=\"noopener\">Voir ici la liste compl\u00e8te des titres accept\u00e9s par le service<\/a>). Vous devez pouvoir scanner un QR-Code avec votre smartphone.<\/p>\n<h3><span style=\"color: #000080;\"><strong>Quel est le tarif ?<\/strong><\/span><\/h3>\n<p>Le tarif de base de cette formalit\u00e9 est de 399,00 \u20ac hors taxes.<\/p>\n<h3><span style=\"color: #000080;\"><strong>Satisfait ou rembours\u00e9 ?<\/strong><\/span><\/h3>\n<p>Si vous n&rsquo;\u00eates pas \u00e9ligible (titres d&rsquo;identit\u00e9 \u00e9ventuellement non pris en charge), nous nous engageons \u00e0 rembourser votre commande.<\/p>\n<h3><strong><span style=\"color: #000080;\">Si j&rsquo;ai des besoins r\u00e9guliers pour plusieurs documents \u00e0 signer ?<\/span><\/strong><\/h3>\n<p>Optez directement pour le <a href=\"https:\/\/www.datasure.net\/produit\/cle-enterprise-plus-cachet-qualifiee-eidas\/\" target=\"_blank\" rel=\"noopener\">certificat Enterprise+<\/a> pour 1 an, 2 ans ou 3 ans. Il faut cependant savoir que pour l&rsquo;EPREL le cachet n&rsquo;est n\u00e9cessaire qu&rsquo;une seule fois, lors de l&rsquo;inscription afin de vous identifier par un tiers de confiance (Datasure). S&rsquo;il y a une erreur sur le document PDF sign\u00e9 initialement, nous resignerons le document PDF corrig\u00e9 gratuitement pour vous permettre dans tous les cas de valider votre inscription EPREL.<\/p>\n<h3><span style=\"color: #000080;\"><strong>\u00cates-vous reconnu par l&rsquo;Etat ?<\/strong><\/span><\/h3>\n<p>Oui. Datasure est un tiers de confiance qualifi\u00e9 reconnu par l&rsquo;Etat et dans toute l&rsquo;Union europ\u00e9enne.<\/p>\n<p>Consultez le site de l&rsquo;Etat fran\u00e7ais : <a href=\"https:\/\/cyber.gouv.fr\/obtenir-un-certificat-de-signature-electronique\" target=\"_blank\" rel=\"noopener\">https:\/\/cyber.gouv.fr\/obtenir-un-certificat-de-signature-electronique<\/a><br \/>\nLa Liste nationale de confiance tenue par la Commission europ\u00e9enne : <a href=\"https:\/\/eidas.ec.europa.eu\/efda\/trust-services\/browse\/eidas\/tls\/tl\/FR\" target=\"_blank\" rel=\"noopener\">Trust List<\/a><\/p>\n","protected":false},"excerpt":{"rendered":"<p><strong>Cachet EPREL<\/strong> : Le Cachet \u00e9lectronique qualifi\u00e9 en 5 minutes sur un document PDF (pour valider votre inscription fournisseur EPREL \u00e9tiquettes \u00e9nergies)\u00a0<strong><br \/>\n<\/strong>Achat imm\u00e9diat 100% en ligne. Aucun abonnement.<br \/>\n<span style=\"color: #0000ff;\"><strong><a style=\"color: #0000ff;\" href=\"#tab-description\">Voir la description compl\u00e8te<\/a><\/strong><\/span>.<\/p>\n<p><img loading=\"lazy\" decoding=\"async\" class=\"alignnone wp-image-9721\" src=\"https:\/\/www.datasure.net\/wp-content\/uploads\/2025\/09\/Eprel-Seal-DatasureSupplier.png\" alt=\"\" width=\"112\" height=\"52\" srcset=\"https:\/\/www.datasure.net\/wp-content\/uploads\/2025\/09\/Eprel-Seal-DatasureSupplier.png 863w, https:\/\/www.datasure.net\/wp-content\/uploads\/2025\/09\/Eprel-Seal-DatasureSupplier-300x139.png 300w, https:\/\/www.datasure.net\/wp-content\/uploads\/2025\/09\/Eprel-Seal-DatasureSupplier-768x355.png 768w\" sizes=\"(max-width: 112px) 100vw, 112px\" \/> <img loading=\"lazy\" decoding=\"async\" class=\"alignnone wp-image-9720\" src=\"https:\/\/www.datasure.net\/wp-content\/uploads\/2025\/09\/eprellogo.png\" alt=\"\" width=\"236\" height=\"29\" srcset=\"https:\/\/www.datasure.net\/wp-content\/uploads\/2025\/09\/eprellogo.png 545w, https:\/\/www.datasure.net\/wp-content\/uploads\/2025\/09\/eprellogo-300x37.png 300w\" sizes=\"(max-width: 236px) 100vw, 236px\" \/><br \/>\n<img loading=\"lazy\" decoding=\"async\" class=\"wp-image-4757 aligncenter\" src=\"https:\/\/www.datasure.net\/wp-content\/uploads\/2025\/01\/arrowbelow.png\" alt=\"\" width=\"52\" height=\"52\" srcset=\"https:\/\/www.datasure.net\/wp-content\/uploads\/2025\/01\/arrowbelow.png 512w, https:\/\/www.datasure.net\/wp-content\/uploads\/2025\/01\/arrowbelow-300x300.png 300w, https:\/\/www.datasure.net\/wp-content\/uploads\/2025\/01\/arrowbelow-100x100.png 100w, https:\/\/www.datasure.net\/wp-content\/uploads\/2025\/01\/arrowbelow-150x150.png 150w, https:\/\/www.datasure.net\/wp-content\/uploads\/2025\/01\/arrowbelow-400x400.png 400w\" sizes=\"(max-width: 52px) 100vw, 52px\" \/><\/p>\n","protected":false},"featured_media":9722,"template":"","meta":[],"product_brand":[],"product_cat":[44],"product_tag":[],"class_list":{"0":"post-9719","1":"product","2":"type-product","3":"status-publish","4":"has-post-thumbnail","6":"product_cat-datasure","8":"first","9":"instock","10":"virtual","11":"sold-individually","12":"taxable","13":"purchasable","14":"product-type-simple"},"_links":{"self":[{"href":"https:\/\/www.datasure.net\/es\/wp-json\/wp\/v2\/product\/9719","targetHints":{"allow":["GET"]}}],"collection":[{"href":"https:\/\/www.datasure.net\/es\/wp-json\/wp\/v2\/product"}],"about":[{"href":"https:\/\/www.datasure.net\/es\/wp-json\/wp\/v2\/types\/product"}],"wp:featuredmedia":[{"embeddable":true,"href":"https:\/\/www.datasure.net\/es\/wp-json\/wp\/v2\/media\/9722"}],"wp:attachment":[{"href":"https:\/\/www.datasure.net\/es\/wp-json\/wp\/v2\/media?parent=9719"}],"wp:term":[{"taxonomy":"product_brand","embeddable":true,"href":"https:\/\/www.datasure.net\/es\/wp-json\/wp\/v2\/product_brand?post=9719"},{"taxonomy":"product_cat","embeddable":true,"href":"https:\/\/www.datasure.net\/es\/wp-json\/wp\/v2\/product_cat?post=9719"},{"taxonomy":"product_tag","embeddable":true,"href":"https:\/\/www.datasure.net\/es\/wp-json\/wp\/v2\/product_tag?post=9719"}],"curies":[{"name":"wp","href":"https:\/\/api.w.org\/{rel}","templated":true}]}}