{"id":5188,"date":"2025-02-13T12:26:25","date_gmt":"2025-02-13T11:26:25","guid":{"rendered":"https:\/\/www.datasure.net\/?post_type=product&#038;p=5188"},"modified":"2025-10-08T12:23:00","modified_gmt":"2025-10-08T10:23:00","slug":"cle-enterprise-plus-cachet-qualifiee-eidas","status":"publish","type":"product","link":"https:\/\/www.datasure.net\/es\/produit\/cle-enterprise-plus-cachet-qualifiee-eidas\/","title":{"rendered":"Enterprise+ : Cachet qualifi\u00e9 eIDAS"},"content":{"rendered":"<p><img decoding=\"async\" class=\"alignnone wp-image-3931\" src=\"https:\/\/www.datasure.net\/wp-content\/uploads\/2024\/12\/b21d3f9aae0a748114cc9ce7ae79cbed24f46810e237927ed4aed3152b388714-logosDatasure.png\" alt=\"\" width=\"249\" height=\"55\" srcset=\"https:\/\/www.datasure.net\/wp-content\/uploads\/2024\/12\/b21d3f9aae0a748114cc9ce7ae79cbed24f46810e237927ed4aed3152b388714-logosDatasure.png 994w, https:\/\/www.datasure.net\/wp-content\/uploads\/2024\/12\/b21d3f9aae0a748114cc9ce7ae79cbed24f46810e237927ed4aed3152b388714-logosDatasure-300x66.png 300w, https:\/\/www.datasure.net\/wp-content\/uploads\/2024\/12\/b21d3f9aae0a748114cc9ce7ae79cbed24f46810e237927ed4aed3152b388714-logosDatasure-200x44.png 200w, https:\/\/www.datasure.net\/wp-content\/uploads\/2024\/12\/b21d3f9aae0a748114cc9ce7ae79cbed24f46810e237927ed4aed3152b388714-logosDatasure-768x170.png 768w\" sizes=\"(max-width: 249px) 100vw, 249px\" \/><\/p>\n<p><strong>Enterprise+<\/strong> est un produit phare de Datasure : Cachet \u00e9lectronique qualifi\u00e9 reconnu par l&rsquo;Etat et propre \u00e0 votre organisation (1 personne morale), disponible en version USB ou Cloud sur notre plateforme. Enterprise+ permet d\u2019effectuer des <strong>Cachets \u00e9lectroniques qualifi\u00e9es eIDAS<\/strong> de mani\u00e8re illimit\u00e9e durant toute la dur\u00e9e de vie de votre certificat (1 an, 2 ans ou 3 ans).<\/p>\n<p><strong>Enterprise+<\/strong>\u00a0int\u00e8gre \u00e9galement en option la technologie <strong>FIDO2<\/strong>, permettant de b\u00e9n\u00e9ficier de l&rsquo;authentification forte pour vos nombreux services en ligne (au toucher de la cl\u00e9, pour se passer des mots de passe sur les services le proposant).<\/p>\n<h3><span style=\"color: #000080;\"><strong>Comment cela fonctionne :<\/strong><\/span><\/h3>\n<p>1\u00b0) Commandez 100% en ligne en remplissant le formulaire de commande.<br \/>\n2\u00b0) R\u00e9alisez en ligne votre v\u00e9rification d&rsquo;identit\u00e9 (100% en ligne, environ 5 minutes).<br \/>\n3\u00b0) Recevez votre Cl\u00e9 Enterprise+ sous <span style=\"color: #339966;\">48 \u00e0 72h ouvr\u00e9es<\/span> apr\u00e8s validation de votre identit\u00e9 en ligne.<\/p>\n<h3><span style=\"color: #000080;\"><strong>Quelles options choisir :<\/strong><\/span><\/h3>\n<table class=\"variations\" role=\"presentation\" cellspacing=\"0\">\n<tbody>\n<tr>\n<th class=\"label\"><label for=\"duree-de-vie-du-certificat\">Dur\u00e9e de vie du certificat<\/label><\/th>\n<td class=\"value\"><strong>1 an, 2 ans ou 3 ans.<\/strong><br \/>\nIl s&rsquo;agit de la dur\u00e9e pendant laquelle votre cl\u00e9 USB sera utilisable. A l&rsquo;issue de cette p\u00e9riode, vous devrez renouveler une nouvelle commande.<\/td>\n<\/tr>\n<tr>\n<th class=\"label\"><label for=\"type-peripherique\">Type p\u00e9riph\u00e9rique<\/label><\/th>\n<td class=\"value\">\n<ul>\n<li><strong>Cloud : <\/strong>Acc\u00e8s 100% en ligne \u00e0 la plateforme MyDatasure, permettant d&rsquo;utiliser votre cachet directement en ligne, sans avoir besoin d&rsquo;une cl\u00e9 USB.\n<ul>\n<li>Limitation actuelle : usage pour signature de fichiers PDF exclusivement (PAdES).<\/li>\n<li>L&rsquo;option Cloud est \u00e9ligible \u00e0 l&rsquo;option API en compl\u00e9ment (automatisation du cachet via <a href=\"https:\/\/www.datasure.net\/services\/clickcert-cachet-electronique-qualifie-eidas\/\" target=\"_blank\" rel=\"noopener\">l&rsquo;API Click&amp;Cert<\/a>, pr\u00e9voir co\u00fbt suppl\u00e9mentaire). L&rsquo;option permet aussi le d\u00e9ploiement du module de Signature automatique dans <a href=\"https:\/\/www.datasure.net\/services\/esign\/\" target=\"_blank\" rel=\"noopener\">Datasure eSign<\/a>.<\/li>\n<\/ul>\n<\/li>\n<li><strong>USB<\/strong> : C&rsquo;est la cl\u00e9 USB classique traditionnelle, compatible avec la majorit\u00e9 des ordinateurs<\/li>\n<li><strong>USB avec FIDO2<\/strong> : Tout comme l&rsquo;USB classique, mais avec en plus l&rsquo;option FIDO2 qui permet de s&rsquo;authentifier sur des sites proposant cette option, par simple toucher du doigt de votre cl\u00e9 USB plut\u00f4t que d&rsquo;avoir \u00e0 inscrire un mot de passe.<\/li>\n<li><strong>USB-C avec FIDO2<\/strong> : Format USB \u00ab\u00a0petit\u00a0\u00bb nouvelle g\u00e9n\u00e9ration, d\u00e9sormais standard international (par exemple sur tous les macbook etc). B\u00e9n\u00e9ficie de l&rsquo;option FIDO2 \u00e9galement.<\/li>\n<\/ul>\n<p><em>\u00a0Note : quelque soit le p\u00e9riph\u00e9rique choisi, c&rsquo;est le m\u00eame certificat \u00e9lectronique qualifi\u00e9 qui est pr\u00e9sent sur la carte \u00e0 puce ou sur le cloud.<\/em><\/td>\n<\/tr>\n<tr>\n<th class=\"label\"><strong>Identification<\/strong><\/th>\n<td class=\"value\">\n<ul>\n<li><strong>Identification en ligne 24\/24H<\/strong> : Il s&rsquo;agit d&rsquo;un parcours d&rsquo;identification 100% en ligne vous permettant de prouver votre identit\u00e9 \u00e0 distance, sans avoir \u00e0 vous d\u00e9placer physiquement. Cette identification en ligne est certifi\u00e9e par l&rsquo;Etat (PVID).<\/li>\n<\/ul>\n<\/td>\n<\/tr>\n<\/tbody>\n<\/table>\n<h3><span style=\"color: #000080;\"><strong>Cas d&rsquo;usage de Enterprise+ :<\/strong><\/span><\/h3>\n<ul>\n<li>Contrats et documents d&rsquo;entreprise<\/li>\n<li>Cachetage de documents administratifs<\/li>\n<li>Certification de factures conform\u00e9ment \u00e0 certaines lois (exemple loi fran\u00e7aise)<\/li>\n<li>EPREL \u00e9tiquettes \u00e9nerg\u00e9tiques des fournisseurs (<a href=\"https:\/\/energy-efficient-products.ec.europa.eu\/suppliers_en#list-of-trust-service-providers-qtsp\" target=\"_blank\" rel=\"noopener\">Datasure agr\u00e9\u00e9 dans la liste officielle de fournisseur de cachet EPREL<\/a>)<\/li>\n<li>API de Cachet \u00e9lectronique qualifi\u00e9 (si version Cloud et en option)<\/li>\n<\/ul>\n<h3><span style=\"color: #000080;\"><strong>Quel logiciel est fourni avec votre certificat :\u00a0<\/strong><\/span><\/h3>\n<ul>\n<li><strong>Logiciel Idopte<\/strong> (Licence gratuite incluse) : Fourni seulement si s\u00e9lection d&rsquo;un token physique USB. Il s&rsquo;agit d&rsquo;un logiciel l\u00e9ger \u00e0 installer sur votre ordinateur et permettant d&rsquo;utiliser votre certificat \u00e9lectronique et de r\u00e9aliser des cachets \u00e9lectroniques illimit\u00e9s, sur un ou plusieurs documents. Formats accept\u00e9s : PAdES, CAdES, XAdES. Le module permet aussi le cachetage de multiples documents en m\u00eame temps.<\/li>\n<\/ul>\n<h3><span style=\"color: #000080;\"><strong>Reconnaissance juridique Enterprise+ :<\/strong><\/span><\/h3>\n<p>Il s&rsquo;agit du plus haut niveau existant (niveau 4 &#8211; Cachet qualifi\u00e9 reposant sur certificat \u00e9lectronique qualifi\u00e9). Enterprise+ est donc aussi automatiquement valable pour tous les autres niveaux inf\u00e9rieurs (tels que niveau 3 &#8211; Cachet avanc\u00e9e reposant sur certificat \u00e9lectronique qualifi\u00e9).<\/p>\n<p>D\u00e9cision de qualification par l&rsquo;Etat : <a href=\"http:\/\/www.datasure.net\/wp-content\/uploads\/2024\/12\/20651E1.pdf\" target=\"_blank\" rel=\"noopener\"><u>D\u00e9cision 1er Ministre &#8211; ANSSI<\/u><\/a><br \/>\nD\u00e9cision de certification par l&rsquo;\u00e9valuateur : <a href=\"https:\/\/www.datasure.net\/download\/certificat-lsti\/qcp-l-qscd.pdf\" target=\"_blank\" rel=\"noopener\"><u>D\u00e9cision Certification par LSTI<\/u><\/a><br \/>\nNiveau et normes : QCP-l-QSCD, <a href=\"https:\/\/www.etsi.org\/deliver\/etsi_en\/319400_319499\/31941102\/02.03.01_60\/en_31941102v020301p.pdf\" target=\"_blank\" rel=\"noopener\">ETSI 319 411-2<\/a>, <a href=\"https:\/\/eur-lex.europa.eu\/legal-content\/FR\/TXT\/?uri=CELEX%3A02014R0910-20241018\" target=\"_blank\" rel=\"noopener\">R\u00e8glement (UE) eIDAS du 23 juillet 2014, modifi\u00e9 par R\u00e8glement (UE) 2023\/1183 du 11 avril 2024<\/a><\/p>\n<p><strong>Quelle diff\u00e9rence entre l&rsquo;offre Enterprise+ et l&rsquo;offre Identity+ ?\u00a0<\/strong><br \/>\n&#8211; <a href=\"https:\/\/www.datasure.net\/produit\/certificat-de-signature-electronique-qualifiee-eidas-sur-cle-usb-identity-plus\/\" target=\"_blank\" rel=\"noopener\">Cl\u00e9 Identity+<\/a> : C&rsquo;est un certificat de signature \u00e9lectronique qualifi\u00e9. Il est propre \u00e0 une personne physique, qui est le signataire (M. Jean DUPONT), c&rsquo;est un consentement \u00e0 l&rsquo;acte sign\u00e9, la signature \u00e9lectronique qualifi\u00e9e vaut signature manuscrite dans la vraie vie (art. 25 du R\u00e8glement europ\u00e9en eIDAS).<br \/>\n&#8211; <a href=\"https:\/\/www.datasure.net\/produit\/cle-enterprise-plus-cachet-qualifiee-eidas\/\" target=\"_blank\" rel=\"noopener\">Cl\u00e9 Enterprise+<\/a> : C&rsquo;est un certificat de cachet \u00e9lectronique qualifi\u00e9. Il est d\u00e9livr\u00e9 au nom d&rsquo;une Organisation (Personne morale). C&rsquo;est l&rsquo;\u00e9quivalent du tampon de la soci\u00e9t\u00e9 dans la vraie vie. Il vaut preuve d&rsquo;int\u00e9grit\u00e9 et de l&rsquo;exactitude de l&rsquo;origine des donn\u00e9es auxquelles le cachet \u00e9lectronique qualifi\u00e9 est li\u00e9 (art. 35 du R\u00e8glement europ\u00e9en eIDAS).<\/p>\n","protected":false},"excerpt":{"rendered":"<p><img decoding=\"async\" class=\"alignnone wp-image-3931\" src=\"https:\/\/www.datasure.net\/wp-content\/uploads\/2024\/12\/b21d3f9aae0a748114cc9ce7ae79cbed24f46810e237927ed4aed3152b388714-logosDatasure.png\" alt=\"\" width=\"249\" height=\"55\" srcset=\"https:\/\/www.datasure.net\/wp-content\/uploads\/2024\/12\/b21d3f9aae0a748114cc9ce7ae79cbed24f46810e237927ed4aed3152b388714-logosDatasure.png 994w, https:\/\/www.datasure.net\/wp-content\/uploads\/2024\/12\/b21d3f9aae0a748114cc9ce7ae79cbed24f46810e237927ed4aed3152b388714-logosDatasure-300x66.png 300w, https:\/\/www.datasure.net\/wp-content\/uploads\/2024\/12\/b21d3f9aae0a748114cc9ce7ae79cbed24f46810e237927ed4aed3152b388714-logosDatasure-200x44.png 200w, https:\/\/www.datasure.net\/wp-content\/uploads\/2024\/12\/b21d3f9aae0a748114cc9ce7ae79cbed24f46810e237927ed4aed3152b388714-logosDatasure-768x170.png 768w\" sizes=\"(max-width: 249px) 100vw, 249px\" \/><br \/>\n<strong>La cl\u00e9 Enterprise+ tout-en-main<\/strong> : V\u00e9ritable cachet digital de l&rsquo;entreprise, certificat \u00e9lectronique qualifi\u00e9 pour des cachets qualifi\u00e9s eIDAS illimit\u00e9es et reconnues par l&rsquo;Etat, valide pour tous vos besoins de certification juridique et la vie de votre entreprise. <span style=\"color: #0000ff;\"><strong><a style=\"color: #0000ff;\" href=\"#tab-description\">Voir la description compl\u00e8te<\/a><\/strong><\/span>.<\/p>\n","protected":false},"featured_media":8961,"template":"","meta":[],"product_brand":[],"product_cat":[44],"product_tag":[43,48,45,47],"class_list":{"0":"post-5188","1":"product","2":"type-product","3":"status-publish","4":"has-post-thumbnail","6":"product_cat-datasure","7":"product_tag-authentification-electronique","8":"product_tag-cachet-electronique","9":"product_tag-eidas","10":"product_tag-qcp-l-qscd","12":"first","13":"instock","14":"sold-individually","15":"taxable","16":"shipping-taxable","17":"purchasable","18":"product-type-variable"},"_links":{"self":[{"href":"https:\/\/www.datasure.net\/es\/wp-json\/wp\/v2\/product\/5188","targetHints":{"allow":["GET"]}}],"collection":[{"href":"https:\/\/www.datasure.net\/es\/wp-json\/wp\/v2\/product"}],"about":[{"href":"https:\/\/www.datasure.net\/es\/wp-json\/wp\/v2\/types\/product"}],"wp:featuredmedia":[{"embeddable":true,"href":"https:\/\/www.datasure.net\/es\/wp-json\/wp\/v2\/media\/8961"}],"wp:attachment":[{"href":"https:\/\/www.datasure.net\/es\/wp-json\/wp\/v2\/media?parent=5188"}],"wp:term":[{"taxonomy":"product_brand","embeddable":true,"href":"https:\/\/www.datasure.net\/es\/wp-json\/wp\/v2\/product_brand?post=5188"},{"taxonomy":"product_cat","embeddable":true,"href":"https:\/\/www.datasure.net\/es\/wp-json\/wp\/v2\/product_cat?post=5188"},{"taxonomy":"product_tag","embeddable":true,"href":"https:\/\/www.datasure.net\/es\/wp-json\/wp\/v2\/product_tag?post=5188"}],"curies":[{"name":"wp","href":"https:\/\/api.w.org\/{rel}","templated":true}]}}