{"id":4055,"date":"2025-01-11T05:24:11","date_gmt":"2025-01-11T04:24:11","guid":{"rendered":"https:\/\/www.datasure.net\/?post_type=product&#038;p=4055"},"modified":"2026-03-05T17:14:57","modified_gmt":"2026-03-05T16:14:57","slug":"signature-electronique-qualifie-usage-unique","status":"publish","type":"product","link":"https:\/\/www.datasure.net\/es\/produit\/signature-electronique-qualifie-usage-unique\/","title":{"rendered":"Certificat One-Time : Signature INPI et Appel d&rsquo;offre pour 1 document"},"content":{"rendered":"<h3><span style=\"color: #000080;\"><strong>L&rsquo;offre Certificat One-Time est-elle valable pour l&rsquo;INPI (Guichet Unique) ou les appels d&rsquo;offre (march\u00e9s publics) ?<\/strong><\/span><\/h3>\n<p>Oui, ce certificat est valide et obligatoirement accept\u00e9 pour tous les cas d&rsquo;usage n\u00e9cessitant une signature avanc\u00e9e ou qualifi\u00e9e reposant sur certificat qualifi\u00e9 (ex: INPI Modifications ou cessation d&rsquo;entreprises, Appels d&rsquo;offre et march\u00e9s publics, etc.).<\/p>\n<p><img decoding=\"async\" class=\"alignnone wp-image-8576\" src=\"https:\/\/www.datasure.net\/wp-content\/uploads\/2025\/07\/CompatibleInpi-appelsoffres-eidas.png\" alt=\"\" width=\"229\" height=\"80\" srcset=\"https:\/\/www.datasure.net\/wp-content\/uploads\/2025\/07\/CompatibleInpi-appelsoffres-eidas.png 926w, https:\/\/www.datasure.net\/wp-content\/uploads\/2025\/07\/CompatibleInpi-appelsoffres-eidas-300x105.png 300w, https:\/\/www.datasure.net\/wp-content\/uploads\/2025\/07\/CompatibleInpi-appelsoffres-eidas-768x268.png 768w\" sizes=\"(max-width: 229px) 100vw, 229px\" \/><\/p>\n<h3><span style=\"color: #000080;\"><strong>Quels titres d&rsquo;identit\u00e9 et quels pays sont accept\u00e9s ?<\/strong><\/span><\/h3>\n<p>Les cartes d&rsquo;identit\u00e9, les passeports et les titres de s\u00e9jour en cours de validit\u00e9 sont accept\u00e9s par le syst\u00e8me pour de nombreux pays. Merci de v\u00e9rifier obligatoirement que votre titre est accept\u00e9 avant de commander le service : <strong><a title=\"\" href=\"https:\/\/www.datasure.net\/wp-content\/uploads\/2025\/09\/ListeTitresPVID.pdf\" target=\"_blank\" rel=\"noopener\">Voir ici la liste compl\u00e8te des titres accept\u00e9s par le service<\/a><\/strong><\/p>\n<h3><span style=\"color: #000080;\"><strong>Comment se passe la proc\u00e9dure et combien de temps cela dure ?<\/strong><\/span><\/h3>\n<p><img decoding=\"async\" class=\"wp-image-8688 alignleft\" src=\"https:\/\/www.datasure.net\/wp-content\/uploads\/2025\/07\/LogoService-eSignOneTime-1.png\" alt=\"\" width=\"174\" height=\"174\" srcset=\"https:\/\/www.datasure.net\/wp-content\/uploads\/2025\/07\/LogoService-eSignOneTime-1.png 1024w, https:\/\/www.datasure.net\/wp-content\/uploads\/2025\/07\/LogoService-eSignOneTime-1-300x300.png 300w, https:\/\/www.datasure.net\/wp-content\/uploads\/2025\/07\/LogoService-eSignOneTime-1-150x150.png 150w, https:\/\/www.datasure.net\/wp-content\/uploads\/2025\/07\/LogoService-eSignOneTime-1-768x768.png 768w, https:\/\/www.datasure.net\/wp-content\/uploads\/2025\/07\/LogoService-eSignOneTime-1-1000x1000.png 1000w, https:\/\/www.datasure.net\/wp-content\/uploads\/2025\/07\/LogoService-eSignOneTime-1-100x100.png 100w\" sizes=\"(max-width: 174px) 100vw, 174px\" \/>Le parcours d&rsquo;identification dure en moyenne 5 minutes, disponible 24h\/24.<\/p>\n<p>Vous devrez montrer le recto et verso de votre titre d&rsquo;identit\u00e9, puis votre visage en direct au moment du parcours en ligne.<\/p>\n<p>La revue manuelle par un op\u00e9rateur est r\u00e9alis\u00e9e durant les heures ouvr\u00e9es (9h-12h30\/13h30-17h00 du lundi au vendredi).<\/p>\n<p>Une fois votre identit\u00e9 valid\u00e9e, vous serez autoris\u00e9(e) \u00e0 signer votre document avec l&rsquo;\u00e9mission \u00e0 la vol\u00e9e d&rsquo;un certificat \u00e9lectronique qualifi\u00e9 eIDAS \u00e0 notre nom et pr\u00e9nom.<\/p>\n<p>&nbsp;<\/p>\n<h3><span style=\"color: #000080;\"><strong>Combien de documents puis-je signer ?<\/strong><\/span><\/h3>\n<p>Un seul document PDF peut \u00eatre sign\u00e9 par commande de certificat One-Time. Peu importe le nombre de pages du fichier PDF, dans la limite de 10 Mo de taille du fichier. Pour des besoins plus r\u00e9guliers voir illimit\u00e9s, vous pouvez directement commander <a href=\"https:\/\/www.datasure.net\/produit\/certificat-de-signature-electronique-qualifiee-eidas-sur-cle-usb-identity-plus\/\" target=\"_blank\" rel=\"noopener\">une cl\u00e9 Identity+<\/a> ou d\u00e9ployer notre application <a href=\"https:\/\/www.datasure.net\/services\/esign\/\" target=\"_blank\" rel=\"noopener\">eSign pour Entreprises<\/a>.<\/p>\n<h3><span style=\"color: #000080;\"><strong>Quel mat\u00e9riel informatique et\/ou t\u00e9l\u00e9phone portable ai-je besoin ?<\/strong><\/span><\/h3>\n<p><strong>Pr\u00e9requis<\/strong> : Un t\u00e9l\u00e9phone portable avec une cam\u00e9ra suffisante (Min 1080 p x 1920p), une luminosit\u00e9 suffisante (ne pas se mettre \u00e0 contre-jour), un titre d\u2019identit\u00e9 valide et accept\u00e9 par le service pour la personne devant \u00eatre identifi\u00e9e (<a title=\"\" href=\"https:\/\/www.datasure.net\/wp-content\/uploads\/2025\/09\/ListeTitresPVID.pdf\" target=\"_blank\" rel=\"noopener\">Voir ici la liste compl\u00e8te des titres accept\u00e9s par le service<\/a>). Vous devez pouvoir scanner un QR Code avec votre smartphone.<\/p>\n<h3><span style=\"color: #000080;\"><strong>Quel est le tarif ?<\/strong><\/span><\/h3>\n<p>Le tarif de base de cette formalit\u00e9 est de 65 \u20ac hors taxes.<\/p>\n<h3><strong><span style=\"color: #000080;\">Si j&rsquo;ai des besoins r\u00e9guliers pour plusieurs documents \u00e0 signer ?<\/span><\/strong><\/h3>\n<p>Optez directement pour le <a href=\"https:\/\/www.datasure.net\/produit\/certificat-de-signature-electronique-qualifiee-eidas-sur-cle-usb-identity-plus\/\" target=\"_blank\" rel=\"noopener\">certificat Identity+<\/a> pour 1 an, 2 ans ou 3 ans.<\/p>\n<h3><span style=\"color: #000080;\"><strong>A quel endroit visuel la signature va t-elle appara\u00eetre sur le document PDF ?<\/strong><\/span><\/h3>\n<p>Cela n&rsquo;a aucune cons\u00e9quence, la signature \u00e9lectronique qualifi\u00e9e est pr\u00e9cis\u00e9ment invisible et cryptographique. Elle est appliqu\u00e9 sur l&rsquo;ensemble du fichier. A titre informatif, un \u00ab\u00a0cartouche\u00a0\u00bb de signature visible (indiquant le nom du signataire) est automatiquement appos\u00e9 en bas \u00e0 droite de la 1\u00e8re page du document. Cela n&rsquo;a aucune cons\u00e9quence juridique, ce qui compte c&rsquo;est la signature informatique du fichier (que l&rsquo;on peut lire avec des logiciels tels que Adobe Acrobate Reader dans le panneau \u00ab\u00a0Signatures\u00a0\u00bb).<\/p>\n<h3><span style=\"color: #000080;\"><strong>\u00cates-vous reconnu par l&rsquo;Etat ?<\/strong><\/span><\/h3>\n<p>Oui. Datasure est un tiers de confiance qualifi\u00e9 reconnu par l&rsquo;Etat et dans toute l&rsquo;Union europ\u00e9enne.<\/p>\n<p>Consultez le site de l&rsquo;Etat fran\u00e7ais : <a href=\"https:\/\/cyber.gouv.fr\/obtenir-un-certificat-de-signature-electronique\" target=\"_blank\" rel=\"noopener\">https:\/\/cyber.gouv.fr\/obtenir-un-certificat-de-signature-electronique<\/a><br \/>\nLa Liste nationale de confiance tenue par la Commission europ\u00e9enne : <a href=\"https:\/\/eidas.ec.europa.eu\/efda\/trust-services\/browse\/eidas\/tls\/tl\/FR\" target=\"_blank\" rel=\"noopener\">Trust List<\/a><\/p>\n","protected":false},"excerpt":{"rendered":"<p><strong>Certificat One-Time<\/strong> : La signature \u00e9lectronique qualifi\u00e9e en 5 minutes sur un document PDF (<strong>valide INPI Cessation\/Modification Entreprises et Appels d&rsquo;offre<\/strong>)\u00a0<strong><br \/>\n<\/strong>Achat imm\u00e9diat 100% en ligne. Aucun abonnement.<br \/>\n<span style=\"color: #0000ff;\"><strong><a style=\"color: #0000ff;\" href=\"#tab-description\">Voir la description compl\u00e8te<\/a><\/strong><\/span>.<\/p>\n<p><img decoding=\"async\" class=\"alignnone wp-image-8576\" src=\"https:\/\/www.datasure.net\/wp-content\/uploads\/2025\/07\/CompatibleInpi-appelsoffres-eidas.png\" alt=\"\" width=\"229\" height=\"80\" srcset=\"https:\/\/www.datasure.net\/wp-content\/uploads\/2025\/07\/CompatibleInpi-appelsoffres-eidas.png 926w, https:\/\/www.datasure.net\/wp-content\/uploads\/2025\/07\/CompatibleInpi-appelsoffres-eidas-300x105.png 300w, https:\/\/www.datasure.net\/wp-content\/uploads\/2025\/07\/CompatibleInpi-appelsoffres-eidas-768x268.png 768w\" sizes=\"(max-width: 229px) 100vw, 229px\" \/><br \/>\n<img decoding=\"async\" class=\"wp-image-4757 aligncenter\" src=\"https:\/\/www.datasure.net\/wp-content\/uploads\/2025\/01\/arrowbelow.png\" alt=\"\" width=\"52\" height=\"52\" srcset=\"https:\/\/www.datasure.net\/wp-content\/uploads\/2025\/01\/arrowbelow.png 512w, https:\/\/www.datasure.net\/wp-content\/uploads\/2025\/01\/arrowbelow-300x300.png 300w, https:\/\/www.datasure.net\/wp-content\/uploads\/2025\/01\/arrowbelow-100x100.png 100w, https:\/\/www.datasure.net\/wp-content\/uploads\/2025\/01\/arrowbelow-150x150.png 150w, https:\/\/www.datasure.net\/wp-content\/uploads\/2025\/01\/arrowbelow-400x400.png 400w\" sizes=\"(max-width: 52px) 100vw, 52px\" \/><\/p>\n","protected":false},"featured_media":8656,"template":"","meta":[],"product_brand":[],"product_cat":[44],"product_tag":[],"class_list":{"0":"post-4055","1":"product","2":"type-product","3":"status-publish","4":"has-post-thumbnail","6":"product_cat-datasure","8":"first","9":"instock","10":"virtual","11":"sold-individually","12":"taxable","13":"purchasable","14":"product-type-simple"},"_links":{"self":[{"href":"https:\/\/www.datasure.net\/es\/wp-json\/wp\/v2\/product\/4055","targetHints":{"allow":["GET"]}}],"collection":[{"href":"https:\/\/www.datasure.net\/es\/wp-json\/wp\/v2\/product"}],"about":[{"href":"https:\/\/www.datasure.net\/es\/wp-json\/wp\/v2\/types\/product"}],"wp:featuredmedia":[{"embeddable":true,"href":"https:\/\/www.datasure.net\/es\/wp-json\/wp\/v2\/media\/8656"}],"wp:attachment":[{"href":"https:\/\/www.datasure.net\/es\/wp-json\/wp\/v2\/media?parent=4055"}],"wp:term":[{"taxonomy":"product_brand","embeddable":true,"href":"https:\/\/www.datasure.net\/es\/wp-json\/wp\/v2\/product_brand?post=4055"},{"taxonomy":"product_cat","embeddable":true,"href":"https:\/\/www.datasure.net\/es\/wp-json\/wp\/v2\/product_cat?post=4055"},{"taxonomy":"product_tag","embeddable":true,"href":"https:\/\/www.datasure.net\/es\/wp-json\/wp\/v2\/product_tag?post=4055"}],"curies":[{"name":"wp","href":"https:\/\/api.w.org\/{rel}","templated":true}]}}