{"id":3519,"date":"2024-08-03T08:26:27","date_gmt":"2024-08-03T08:26:27","guid":{"rendered":"https:\/\/www.datasure.net\/?post_type=product&#038;p=3519"},"modified":"2026-01-29T13:43:27","modified_gmt":"2026-01-29T12:43:27","slug":"certificat-de-signature-electronique-qualifiee-eidas-sur-cle-usb-identity-plus","status":"publish","type":"product","link":"https:\/\/www.datasure.net\/en\/produit\/certificat-de-signature-electronique-qualifiee-eidas-sur-cle-usb-identity-plus\/","title":{"rendered":"Identity+ : Signature qualifi\u00e9e eIDAS \/ eq. RGS**"},"content":{"rendered":"<p><img decoding=\"async\" class=\"alignnone wp-image-3931\" src=\"https:\/\/www.datasure.net\/wp-content\/uploads\/2024\/12\/b21d3f9aae0a748114cc9ce7ae79cbed24f46810e237927ed4aed3152b388714-logosDatasure.png\" alt=\"\" width=\"249\" height=\"55\" srcset=\"https:\/\/www.datasure.net\/wp-content\/uploads\/2024\/12\/b21d3f9aae0a748114cc9ce7ae79cbed24f46810e237927ed4aed3152b388714-logosDatasure.png 994w, https:\/\/www.datasure.net\/wp-content\/uploads\/2024\/12\/b21d3f9aae0a748114cc9ce7ae79cbed24f46810e237927ed4aed3152b388714-logosDatasure-300x66.png 300w, https:\/\/www.datasure.net\/wp-content\/uploads\/2024\/12\/b21d3f9aae0a748114cc9ce7ae79cbed24f46810e237927ed4aed3152b388714-logosDatasure-200x44.png 200w, https:\/\/www.datasure.net\/wp-content\/uploads\/2024\/12\/b21d3f9aae0a748114cc9ce7ae79cbed24f46810e237927ed4aed3152b388714-logosDatasure-768x170.png 768w\" sizes=\"(max-width: 249px) 100vw, 249px\" \/><\/p>\n<p><strong>Identity+<\/strong> est un produit phare de Datasure : Cl\u00e9 tout-en-un avec certificat \u00e9lectronique <strong>qualifi\u00e9 eIDAS reconnu par l&rsquo;Etat pour 1 personne physique, \u00e9quivalent RGS** signature \u00e9lectronique<\/strong>, disponible en version USB ou USB-C. Elle permet de signer de mani\u00e8re illimit\u00e9e durant toute la dur\u00e9e de vie de votre certificat (1 an, 2 ans ou 3 ans).<\/p>\n<p><strong>Identity+<\/strong> int\u00e8gre \u00e9galement en option la technologie <strong>FIDO2<\/strong>, permettant de b\u00e9n\u00e9ficier de l&rsquo;authentification forte pour vos nombreux services en ligne (pour se passer des mots de passe).<\/p>\n<h3><span style=\"color: #000080;\"><strong>Comment cela fonctionne :<\/strong><\/span><\/h3>\n<p>1\u00b0) Commandez 100% en ligne en remplissant le formulaire de commande.<br \/>\n2\u00b0) R\u00e9alisez en ligne votre v\u00e9rification d&rsquo;identit\u00e9 (100% en ligne, environ 5 minutes).<br \/>\n3\u00b0) Recevez votre Cl\u00e9 Identity+ sous\u00a0<span style=\"color: #339966;\">48 \u00e0 72h ouvr\u00e9es<\/span> apr\u00e8s validation de votre identit\u00e9 en ligne.<\/p>\n<h3><span style=\"color: #000080;\"><strong>Quelles options choisir :<\/strong><\/span><\/h3>\n<table class=\"variations\" role=\"presentation\" cellspacing=\"0\">\n<tbody>\n<tr>\n<th class=\"label\"><label for=\"duree-de-vie-du-certificat\">Dur\u00e9e de vie du certificat<\/label><\/th>\n<td class=\"value\"><strong>1 an, 2 ans ou 3 ans.<\/strong><br \/>\nIl s&rsquo;agit de la dur\u00e9e pendant laquelle votre cl\u00e9 USB sera utilisable. A l&rsquo;issue de cette p\u00e9riode, vous devrez renouveler une nouvelle commande.<\/td>\n<\/tr>\n<tr>\n<th class=\"label\"><label for=\"type-peripherique\">Type p\u00e9riph\u00e9rique<\/label><\/th>\n<td class=\"value\">\n<ul>\n<li><strong>USB<\/strong> : C&rsquo;est la cl\u00e9 USB classique traditionnelle, compatible avec la majorit\u00e9 des ordinateurs<\/li>\n<li><strong>USB avec FIDO2<\/strong> : Tout comme l&rsquo;USB classique, mais avec en plus l&rsquo;option FIDO2 qui permet de s&rsquo;authentifier sur des sites proposant cette option, par simple toucher du doigt de votre cl\u00e9 USB plut\u00f4t que d&rsquo;avoir \u00e0 inscrire un mot de passe.<\/li>\n<li><strong>USB-C avec FIDO2<\/strong> : Format USB \u00ab\u00a0petit\u00a0\u00bb nouvelle g\u00e9n\u00e9ration, d\u00e9sormais standard international (par exemple sur tous les macbook etc). B\u00e9n\u00e9ficie de l&rsquo;option FIDO2 \u00e9galement.<\/li>\n<\/ul>\n<p><em>\u00a0Note : quelque soit le p\u00e9riph\u00e9rique choisi, c&rsquo;est le m\u00eame certificat \u00e9lectronique qualifi\u00e9 qui est pr\u00e9sent sur la carte \u00e0 puce.<\/em><\/td>\n<\/tr>\n<tr>\n<th class=\"label\"><strong>Identification<\/strong><\/th>\n<td class=\"value\">\n<ul>\n<li><strong>Identification en ligne 24\/24H<\/strong> : Il s&rsquo;agit d&rsquo;un parcours d&rsquo;identification 100% en ligne vous permettant de prouver votre identit\u00e9 \u00e0 distance, sans avoir \u00e0 vous d\u00e9placer physiquement. Cette identification en ligne est certifi\u00e9e par l\u2019\u00c9tat (PVID).<\/li>\n<\/ul>\n<\/td>\n<\/tr>\n<\/tbody>\n<\/table>\n<h3><span style=\"color: #000080;\"><strong>Quels titres d&rsquo;identit\u00e9 et quels pays sont accept\u00e9s ?<\/strong><\/span><\/h3>\n<p>Les cartes d&rsquo;identit\u00e9, les passeports et les titres de s\u00e9jour en cours de validit\u00e9 sont accept\u00e9s par le syst\u00e8me pour de nombreux pays. Merci de v\u00e9rifier obligatoirement que votre titre est accept\u00e9 avant de commander le service : <strong><a title=\"\" href=\"https:\/\/www.datasure.net\/wp-content\/uploads\/2025\/09\/ListeTitresPVID.pdf\" target=\"_blank\" rel=\"noopener\">Voir ici la liste compl\u00e8te des titres accept\u00e9s par le service<\/a><\/strong><\/p>\n<h3><span style=\"color: #000080;\"><strong>Qu&rsquo;est-ce que eIDAS et RGS ?<\/strong><\/span><\/h3>\n<p>eIDAS est le nom du R\u00e8glement europ\u00e9en qui r\u00e8glemente depuis 2014 la signature \u00e9lectronique et les services de confiance en Europe, et prends la rel\u00e8ve de l&rsquo;ancien RGS fran\u00e7ais (qui est en cours de suppression au Parlement avec la Loi R\u00e9silience de transposition NIS 2). Tous les cas de signature mentionnant RGS doivent d\u00e9sormais faire r\u00e9f\u00e9rence \u00e0 eIDAS qui est son \u00e9quivalent.<\/p>\n<h3><span style=\"color: #000080;\"><strong>Comment se passe la proc\u00e9dure et combien de temps cela dure ?<\/strong><\/span><\/h3>\n<p><strong>1\u00b0)<\/strong> Commandez 100% en ligne en remplissant le formulaire de commande.<br \/>\n<strong>2\u00b0)<\/strong> R\u00e9alisez en ligne votre v\u00e9rification d&rsquo;identit\u00e9 (100% en ligne, environ 5 minutes).<\/p>\n<p><img decoding=\"async\" class=\"wp-image-8688 alignleft\" src=\"https:\/\/www.datasure.net\/wp-content\/uploads\/2025\/07\/LogoService-eSignOneTime-1.png\" alt=\"\" width=\"210\" height=\"210\" srcset=\"https:\/\/www.datasure.net\/wp-content\/uploads\/2025\/07\/LogoService-eSignOneTime-1.png 1024w, https:\/\/www.datasure.net\/wp-content\/uploads\/2025\/07\/LogoService-eSignOneTime-1-300x300.png 300w, https:\/\/www.datasure.net\/wp-content\/uploads\/2025\/07\/LogoService-eSignOneTime-1-150x150.png 150w, https:\/\/www.datasure.net\/wp-content\/uploads\/2025\/07\/LogoService-eSignOneTime-1-768x768.png 768w, https:\/\/www.datasure.net\/wp-content\/uploads\/2025\/07\/LogoService-eSignOneTime-1-1000x1000.png 1000w, https:\/\/www.datasure.net\/wp-content\/uploads\/2025\/07\/LogoService-eSignOneTime-1-100x100.png 100w\" sizes=\"(max-width: 210px) 100vw, 210px\" \/>Le parcours d&rsquo;identification dure en moyenne 5 minutes, disponible 24h\/24.<\/p>\n<p>Vous devrez montrer le recto et verso de votre titre d&rsquo;identit\u00e9, puis votre visage en direct au moment du parcours en ligne.<\/p>\n<p>La revue manuelle par un op\u00e9rateur est r\u00e9alis\u00e9e durant les heures ouvr\u00e9es (9h-12h30\/13h30-17h00 du lundi au vendredi).<\/p>\n<p>Une fois votre identit\u00e9 valid\u00e9e, vous serez autoris\u00e9(e) \u00e0 signer votre document avec l&rsquo;\u00e9mission \u00e0 la vol\u00e9e d&rsquo;un certificat \u00e9lectronique qualifi\u00e9 eIDAS \u00e0 notre nom et pr\u00e9nom.<\/p>\n<p>&nbsp;<\/p>\n<p><strong>3\u00b0)<\/strong> Recevez votre Cl\u00e9 Identity+ sous\u00a048 \u00e0 72h ouvr\u00e9es apr\u00e8s validation de votre identit\u00e9 en ligne.<\/p>\n<p>&nbsp;<\/p>\n<h3><span style=\"color: #000080;\"><strong>Valides tous cas d&rsquo;usage de Identity+ :<\/strong><\/span><\/h3>\n<ul>\n<li><strong>Appels d&rsquo;offres \/ March\u00e9s Publics<\/strong> (valide et conforme \u00e0 l&rsquo;arr\u00eat\u00e9 du 22 mars 2019 et \u00e0 l&rsquo;arr\u00eat\u00e9 du 12 avril 2018)<\/li>\n<li>Formalit\u00e9s r\u00e9guli\u00e8res <strong>Guichet unique INPI<\/strong> (Modifications et cessations d&rsquo;entreprises, D\u00e9p\u00f4ts de comptes, &#8230;)<\/li>\n<li>Acc\u00e8s aux fichiers publics imposant le recours \u00e0 un certificat qualifi\u00e9 eIDAS (ex. <strong>SIV &#8211; Syst\u00e8me d&rsquo;immatriculation des v\u00e9hicules, Chorus<\/strong>, etc)<\/li>\n<li>Contrats et documents d&rsquo;entreprise, documents administratifs, etc.<\/li>\n<\/ul>\n<h3><span style=\"color: #000080;\"><strong>Quel logiciel est fourni avec votre certificat :\u00a0<\/strong><\/span><\/h3>\n<ul>\n<li><strong>Logiciel Safenet<\/strong> (licence gratuite incluse) : Il s&rsquo;agit d&rsquo;un logiciel l\u00e9ger permettant de faire fonctionner votre cl\u00e9 sur Windows, Mac ou Linux (<a href=\"https:\/\/docs.datasure.net\/docs\/logiciel-safenet\" target=\"_blank\" rel=\"noopener\">voir guide d&rsquo;installation<\/a>). Ensuite, vous pouvez utiliser n&rsquo;importe quel logiciel gratuit pour signer par exemple des documents PDF (<a href=\"https:\/\/docs.datasure.net\/docs\/1%C3%A8re-signature-avec-adobe-acrobate-reader\" target=\"_blank\" rel=\"noopener\">voir le guide pour Adobe Acrobate Reader<\/a>).<\/li>\n<li><strong>Logiciel Idopte<\/strong> (licence gratuite, fourni sur demande) : Il s&rsquo;agit d&rsquo;un logiciel l\u00e9ger \u00e0 installer sur votre ordinateur et permettant d&rsquo;utiliser votre certificat \u00e9lectronique et de r\u00e9aliser des signatures \u00e9lectroniques illimit\u00e9s, sur un ou plusieurs documents, sans avoir \u00e0 passer par un autre logiciel. Formats accept\u00e9s : <strong>PAdES, CAdES, XAdES.<\/strong> Le module permet aussi la signature de multiples documents en m\u00eame temps.<\/li>\n<\/ul>\n<h3><span style=\"color: #000080;\"><strong>Reconnaissance juridique Identity+ :<\/strong><\/span><\/h3>\n<p>Il s&rsquo;agit du plus haut niveau existant (eIDAS niveau 4 &#8211; Signature qualifi\u00e9e reposant sur certificat \u00e9lectronique qualifi\u00e9). Identity+ est donc aussi automatiquement valable pour tous les autres niveaux inf\u00e9rieurs (tels que eIDAS niveau 3 &#8211; Signature avanc\u00e9e reposant sur certificat \u00e9lectronique qualifi\u00e9 et \u00e9quivalent RGS** pour la signature \u00e9lectronique).<\/p>\n<p>D\u00e9cision de qualification par l&rsquo;Etat : <a href=\"https:\/\/www.datasure.net\/wp-content\/uploads\/2024\/12\/2024124.pdf\" target=\"_blank\" rel=\"noopener\"><u>D\u00e9cision 1er Ministre &#8211; ANSSI<\/u><\/a><br \/>\nD\u00e9cision de certification par l&rsquo;\u00e9valuateur : <a href=\"https:\/\/www.datasure.net\/wp-content\/uploads\/2024\/11\/Datasure_Authentification-et-Signature_2105_V1eIDAS_FR14.pdf\" target=\"_blank\" rel=\"noopener\"><u>D\u00e9cision Certification par LSTI<\/u><\/a><br \/>\nNiveau et normes : QCP-n-QSCD, <a href=\"https:\/\/www.etsi.org\/deliver\/etsi_en\/319400_319499\/31941102\/02.03.01_60\/en_31941102v020301p.pdf\" target=\"_blank\" rel=\"noopener\">ETSI 319 411-2<\/a>, <a href=\"https:\/\/eur-lex.europa.eu\/legal-content\/FR\/TXT\/?uri=CELEX%3A02014R0910-20241018\" target=\"_blank\" rel=\"noopener\">R\u00e8glement (UE) eIDAS du 23 juillet 2014, modifi\u00e9 par R\u00e8glement (UE) 2023\/1183 du 11 avril 2024<\/a><\/p>\n","protected":false},"excerpt":{"rendered":"<p><img decoding=\"async\" class=\"alignnone wp-image-3931\" src=\"https:\/\/www.datasure.net\/wp-content\/uploads\/2024\/12\/b21d3f9aae0a748114cc9ce7ae79cbed24f46810e237927ed4aed3152b388714-logosDatasure.png\" alt=\"\" width=\"249\" height=\"55\" srcset=\"https:\/\/www.datasure.net\/wp-content\/uploads\/2024\/12\/b21d3f9aae0a748114cc9ce7ae79cbed24f46810e237927ed4aed3152b388714-logosDatasure.png 994w, https:\/\/www.datasure.net\/wp-content\/uploads\/2024\/12\/b21d3f9aae0a748114cc9ce7ae79cbed24f46810e237927ed4aed3152b388714-logosDatasure-300x66.png 300w, https:\/\/www.datasure.net\/wp-content\/uploads\/2024\/12\/b21d3f9aae0a748114cc9ce7ae79cbed24f46810e237927ed4aed3152b388714-logosDatasure-200x44.png 200w, https:\/\/www.datasure.net\/wp-content\/uploads\/2024\/12\/b21d3f9aae0a748114cc9ce7ae79cbed24f46810e237927ed4aed3152b388714-logosDatasure-768x170.png 768w\" sizes=\"(max-width: 249px) 100vw, 249px\" \/><br \/>\n<strong>La cl\u00e9 Identity+ tout-en-main<\/strong> : Votre certificat \u00e9lectronique qualifi\u00e9 eIDAS \/ \u00e9quivalent RGS** pour des signatures l\u00e9gales illimit\u00e9es, valide pour tous les besoins de signature eIDAS\/RGS. <span style=\"color: #0000ff;\"><strong><a style=\"color: #0000ff;\" href=\"#tab-description\">Voir la description compl\u00e8te<\/a><\/strong><\/span>.<\/p>\n","protected":false},"featured_media":3992,"template":"","meta":[],"product_brand":[],"product_cat":[44],"product_tag":[43,45,41,42],"class_list":{"0":"post-3519","1":"product","2":"type-product","3":"status-publish","4":"has-post-thumbnail","6":"product_cat-datasure","7":"product_tag-authentification-electronique","8":"product_tag-eidas","9":"product_tag-qcp-n-qscd","10":"product_tag-signature-electronique","12":"first","13":"instock","14":"taxable","15":"shipping-taxable","16":"purchasable","17":"product-type-variable"},"_links":{"self":[{"href":"https:\/\/www.datasure.net\/en\/wp-json\/wp\/v2\/product\/3519","targetHints":{"allow":["GET"]}}],"collection":[{"href":"https:\/\/www.datasure.net\/en\/wp-json\/wp\/v2\/product"}],"about":[{"href":"https:\/\/www.datasure.net\/en\/wp-json\/wp\/v2\/types\/product"}],"wp:featuredmedia":[{"embeddable":true,"href":"https:\/\/www.datasure.net\/en\/wp-json\/wp\/v2\/media\/3992"}],"wp:attachment":[{"href":"https:\/\/www.datasure.net\/en\/wp-json\/wp\/v2\/media?parent=3519"}],"wp:term":[{"taxonomy":"product_brand","embeddable":true,"href":"https:\/\/www.datasure.net\/en\/wp-json\/wp\/v2\/product_brand?post=3519"},{"taxonomy":"product_cat","embeddable":true,"href":"https:\/\/www.datasure.net\/en\/wp-json\/wp\/v2\/product_cat?post=3519"},{"taxonomy":"product_tag","embeddable":true,"href":"https:\/\/www.datasure.net\/en\/wp-json\/wp\/v2\/product_tag?post=3519"}],"curies":[{"name":"wp","href":"https:\/\/api.w.org\/{rel}","templated":true}]}}