{"id":590,"date":"2022-07-10T18:51:31","date_gmt":"2022-07-10T18:51:31","guid":{"rendered":"https:\/\/secusign.com\/?page_id=590"},"modified":"2025-06-24T15:38:59","modified_gmt":"2025-06-24T13:38:59","slug":"mentions-legales","status":"publish","type":"page","link":"https:\/\/www.datasure.net\/de\/mentions-legales\/","title":{"rendered":"Mentions l\u00e9gales"},"content":{"rendered":"<div class=\"elementor-element elementor-element-b94272c elementor-widget elementor-widget-text-editor\" data-id=\"b94272c\" data-element_type=\"widget\" data-settings=\"{&quot;ekit_we_effect_on&quot;:&quot;none&quot;}\" data-widget_type=\"text-editor.default\">\n<div class=\"elementor-widget-container\">\n<div class=\"elementor-text-editor elementor-clearfix\">\n<p><span style=\"color: #000000;\"><strong>I \u2013 En application de l\u2019article 19 de la Loi pour la confiance dans l\u2019\u00e9conomie num\u00e9rique, nous vous informons que Datasure.net est \u00e9dit\u00e9 par DATASURE, prestataire de services de confiance qualifi\u00e9 en vertu du <a style=\"color: #000000;\" href=\"http:\/\/eur-lex.europa.eu\/legal-content\/FR\/TXT\/PDF\/?uri=CELEX:32014R0910&amp;from=FR\">R\u00e8glement eIDAS 910\/2014<\/a> du 23 juillet 2014 sur l\u2019identification \u00e9lectronique et les services de confiance pour les transactions \u00e9lectroniques au sein du march\u00e9 int\u00e9rieur et abrogeant la directive 1999\/93\/CE ;<br \/>\n<\/strong><\/span><\/p>\n<p><span style=\"color: #000000;\">Le si\u00e8ge social de DATASURE est situ\u00e9 8 rue Alfred Maurel 34120 P\u00e9zenas (France). Nous sommes joignables par t\u00e9l\u00e9phone au 01 84 80 75 02, du lundi au vendredi de 9 heures \u00e0 12h30 et de 13h30 \u00e0 17h00 heures, ainsi que par mail (contact[arobase] datasure.net, remplacer [arobase] par @ et le tout attach\u00e9). DATASURE SARL au capital de 10.000,00 \u20ac est immatricul\u00e9e au registre du commerce et des soci\u00e9t\u00e9s (R.C.S.) de B\u00e9ziers sous le num\u00e9ro SIRET 90466620300016.<\/span><\/p>\n<p><span style=\"color: #000000;\"><strong>II \u2013 En application de l\u2019article 6.III de la LCEN <\/strong><\/span><\/p>\n<p><span style=\"color: #000000;\">Le directeur de la publication est Florian DE VAULX en sa qualit\u00e9 de repr\u00e9sentant l\u00e9gal de DATASURE. Les prestataires techniques de DATASURE, tels que d\u00e9sign\u00e9s \u00e0 l\u2019article 6.I-2 de la LCEN sont :<\/span><\/p>\n<ul>\n<li><span class=\"ILfuVd\" lang=\"fr\" style=\"color: #000000;\"><span class=\"hgKElc\">Pour ses sites Internet : Outscale, 1, rue Royale \u2013 319 Bureaux de la Colline 92210 Saint-Cloud<br \/>\n<\/span><\/span><\/li>\n<li><span style=\"color: #000000;\">Pour le logiciel de gestion client (CRM) : Salesforce.com France, <span class=\"description-txt\"><span class=\"numdisplay\">Soci\u00e9t\u00e9 par Actions Simplifi\u00e9e au capital de 37 000,00 Euros, <\/span><\/span>3 avenue Octave Greard 75007 PARIS. Cette solution est d\u00e9ploy\u00e9e avec les options de chiffrement Shield Platform Encryption &amp; Cache-Only Key Service.<\/span><\/li>\n<\/ul>\n<p><span style=\"color: #000000;\"><strong>\u00a0III \u2013 Informations Cookies &amp; RGPD.<br \/>\n<\/strong><\/span><\/p>\n<p><span style=\"color: #000000;\">Merci de consulter notre <a style=\"color: #000000;\" href=\"https:\/\/www.certisure.com\/politique-confidentialite\/\">politique de confidentialit\u00e9<\/a>.<\/span><\/p>\n<p><span style=\"color: #000000;\"><strong>IV \u2013 CGU et CGV.<\/strong><\/span><\/p>\n<p><span style=\"color: #000000;\">Pour chaque type de service concern\u00e9, merci de vous r\u00e9f\u00e9rer \u00e0 nos CGV et CGU. Celles-ci sont accessibles en bas de page.<\/span><\/p>\n<\/div>\n<\/div>\n<\/div>\n","protected":false},"excerpt":{"rendered":"<p>I \u2013 En application de l\u2019article 19 de la Loi pour la confiance dans l\u2019\u00e9conomie num\u00e9rique, nous vous informons que Datasure.net est \u00e9dit\u00e9 par DATASURE, prestataire de services de confiance qualifi\u00e9 en vertu du R\u00e8glement eIDAS 910\/2014 du 23 juillet 2014 sur l\u2019identification \u00e9lectronique et les services de confiance pour les transactions \u00e9lectroniques au sein [&hellip;]<\/p>\n","protected":false},"author":1,"featured_media":0,"parent":0,"menu_order":0,"comment_status":"closed","ping_status":"closed","template":"","meta":{"footnotes":""},"class_list":["post-590","page","type-page","status-publish","hentry"],"_links":{"self":[{"href":"https:\/\/www.datasure.net\/de\/wp-json\/wp\/v2\/pages\/590","targetHints":{"allow":["GET"]}}],"collection":[{"href":"https:\/\/www.datasure.net\/de\/wp-json\/wp\/v2\/pages"}],"about":[{"href":"https:\/\/www.datasure.net\/de\/wp-json\/wp\/v2\/types\/page"}],"author":[{"embeddable":true,"href":"https:\/\/www.datasure.net\/de\/wp-json\/wp\/v2\/users\/1"}],"replies":[{"embeddable":true,"href":"https:\/\/www.datasure.net\/de\/wp-json\/wp\/v2\/comments?post=590"}],"version-history":[{"count":8,"href":"https:\/\/www.datasure.net\/de\/wp-json\/wp\/v2\/pages\/590\/revisions"}],"predecessor-version":[{"id":7968,"href":"https:\/\/www.datasure.net\/de\/wp-json\/wp\/v2\/pages\/590\/revisions\/7968"}],"wp:attachment":[{"href":"https:\/\/www.datasure.net\/de\/wp-json\/wp\/v2\/media?parent=590"}],"curies":[{"name":"wp","href":"https:\/\/api.w.org\/{rel}","templated":true}]}}